{"id":6516,"date":"2024-12-09T09:51:25","date_gmt":"2024-12-09T08:51:25","guid":{"rendered":"https:\/\/demo.marvelchart.com\/?page_id=6516"},"modified":"2025-04-30T12:16:28","modified_gmt":"2025-04-30T10:16:28","slug":"politica-di-rimborso","status":"publish","type":"page","link":"https:\/\/www.marvelchart.com\/it\/politica-di-rimborso\/","title":{"rendered":"Politica di rimborso"},"content":{"rendered":"\t\t<div data-elementor-type=\"wp-page\" data-elementor-id=\"6516\" class=\"elementor elementor-6516 elementor-4113\" data-elementor-post-type=\"page\">\n\t\t\t\t\t\t<section class=\"elementor-section elementor-top-section elementor-element elementor-element-507e535 elementor-section-full_width elementor-section-content-middle maiin-banner-top elementor-section-height-default elementor-section-height-default elementor-invisible\" data-id=\"507e535\" data-element_type=\"section\" data-settings=\"{&quot;background_background&quot;:&quot;classic&quot;,&quot;animation&quot;:&quot;fadeIn&quot;}\">\n\t\t\t\t\t\t<div class=\"elementor-container elementor-column-gap-no\">\n\t\t\t\t\t<div class=\"elementor-column elementor-col-100 elementor-top-column elementor-element elementor-element-0e4f62c\" data-id=\"0e4f62c\" data-element_type=\"column\">\n\t\t\t<div class=\"elementor-widget-wrap elementor-element-populated\">\n\t\t\t\t\t\t<div class=\"elementor-element elementor-element-21e8d0f elementor-widget elementor-widget-heading\" data-id=\"21e8d0f\" data-element_type=\"widget\" data-widget_type=\"heading.default\">\n\t\t\t\t<div class=\"elementor-widget-container\">\n\t\t\t\t\t<h2 class=\"elementor-heading-title elementor-size-default\">Politica di rimborso<\/h2>\t\t\t\t<\/div>\n\t\t\t\t<\/div>\n\t\t\t\t<div class=\"elementor-element elementor-element-91edef7 elementor-widget elementor-widget-heading\" data-id=\"91edef7\" data-element_type=\"widget\" data-widget_type=\"heading.default\">\n\t\t\t\t<div class=\"elementor-widget-container\">\n\t\t\t\t\t<p class=\"elementor-heading-title elementor-size-default\">Come ottenere una soluzione a un problema MarvelChart<\/p>\t\t\t\t<\/div>\n\t\t\t\t<\/div>\n\t\t\t\t<section class=\"elementor-section elementor-inner-section elementor-element elementor-element-791de59 elementor-section-full_width elementor-section-height-default elementor-section-height-default\" data-id=\"791de59\" data-element_type=\"section\">\n\t\t\t\t\t\t<div class=\"elementor-container elementor-column-gap-default\">\n\t\t\t\t\t<div class=\"elementor-column elementor-col-50 elementor-inner-column elementor-element elementor-element-752c29b\" data-id=\"752c29b\" data-element_type=\"column\">\n\t\t\t<div class=\"elementor-widget-wrap elementor-element-populated\">\n\t\t\t\t\t\t<div class=\"elementor-element elementor-element-09f47b5 elementor-align-right elementor-mobile-align-center elementor-widget elementor-widget-button\" data-id=\"09f47b5\" data-element_type=\"widget\" data-widget_type=\"button.default\">\n\t\t\t\t<div class=\"elementor-widget-container\">\n\t\t\t\t\t\t\t\t\t<div class=\"elementor-button-wrapper\">\n\t\t\t\t\t<a class=\"elementor-button elementor-button-link elementor-size-sm\" href=\"\/it\/prova-subito-marvelchart\/\">\n\t\t\t\t\t\t<span class=\"elementor-button-content-wrapper\">\n\t\t\t\t\t\t\t\t\t<span class=\"elementor-button-text\">Prova subito MarvelChart<\/span>\n\t\t\t\t\t<\/span>\n\t\t\t\t\t<\/a>\n\t\t\t\t<\/div>\n\t\t\t\t\t\t\t\t<\/div>\n\t\t\t\t<\/div>\n\t\t\t\t\t<\/div>\n\t\t<\/div>\n\t\t\t\t<div class=\"elementor-column elementor-col-50 elementor-inner-column elementor-element elementor-element-81129f8\" data-id=\"81129f8\" data-element_type=\"column\">\n\t\t\t<div class=\"elementor-widget-wrap elementor-element-populated\">\n\t\t\t\t\t\t<div class=\"elementor-element elementor-element-c7e41dd elementor-align-left elementor-mobile-align-center elementor-widget elementor-widget-button\" data-id=\"c7e41dd\" data-element_type=\"widget\" data-widget_type=\"button.default\">\n\t\t\t\t<div class=\"elementor-widget-container\">\n\t\t\t\t\t\t\t\t\t<div class=\"elementor-button-wrapper\">\n\t\t\t\t\t<a class=\"elementor-button elementor-button-link elementor-size-sm\" href=\"https:\/\/www.marvelchart.com\/it\/shop\/\">\n\t\t\t\t\t\t<span class=\"elementor-button-content-wrapper\">\n\t\t\t\t\t\t\t\t\t<span class=\"elementor-button-text\">Vedi i piani di abbonamento<\/span>\n\t\t\t\t\t<\/span>\n\t\t\t\t\t<\/a>\n\t\t\t\t<\/div>\n\t\t\t\t\t\t\t\t<\/div>\n\t\t\t\t<\/div>\n\t\t\t\t\t<\/div>\n\t\t<\/div>\n\t\t\t\t\t<\/div>\n\t\t<\/section>\n\t\t\t\t\t<\/div>\n\t\t<\/div>\n\t\t\t\t\t<\/div>\n\t\t<\/section>\n\t\t\t\t<section class=\"elementor-section elementor-top-section elementor-element elementor-element-9beacbd elementor-section-boxed elementor-section-height-default elementor-section-height-default elementor-invisible\" data-id=\"9beacbd\" data-element_type=\"section\" data-settings=\"{&quot;animation&quot;:&quot;fadeIn&quot;}\">\n\t\t\t\t\t\t<div class=\"elementor-container elementor-column-gap-default\">\n\t\t\t\t\t<div class=\"elementor-column elementor-col-100 elementor-top-column elementor-element elementor-element-604131e\" data-id=\"604131e\" data-element_type=\"column\">\n\t\t\t<div class=\"elementor-widget-wrap elementor-element-populated\">\n\t\t\t\t\t\t<div class=\"elementor-element elementor-element-fd2c9fc elementor-widget elementor-widget-text-editor\" data-id=\"fd2c9fc\" data-element_type=\"widget\" data-widget_type=\"text-editor.default\">\n\t\t\t\t<div class=\"elementor-widget-container\">\n\t\t\t\t\t\t\t\t\t<p>In qualit\u00e0 di rivenditore online, sai gi\u00e0 che i resi avvengono (e molto) ed \u00e8 impossibile soddisfare ogni cliente.<\/p><p>Ma sapevi che i consumatori abbandonano il carrello della spesa digitale il 69% delle volte? E che il 12% di essi ha citato come motivo una politica di restituzione insoddisfacente?<\/p><p>Pubblicare una politica di restituzione approfondita pu\u00f2 aiutarti a ridurre tale percentuale e fidelizzare pi\u00f9 clienti.<\/p><p>Il nostro modello di politica di rimborso e restituzione \u00e8 gratuito e aiuta le aziende come la tua a visualizzare una politica completa e di facile lettura in pochi clic.Di seguito esamineremo il motivo per cui hai bisogno di una politica di restituzione, ti mostreremo alcuni esempi e ti forniremo un\u00a0download gratuito di un modello di politica di restituzione\u00a0per impostare la tua attivit\u00e0 verso il successo.<\/p><p>Se hai poco tempo, creane uno gratuitamente con il nostro generatore di norme sui resi.<\/p>\t\t\t\t\t\t\t\t<\/div>\n\t\t\t\t<\/div>\n\t\t\t\t<div class=\"elementor-element elementor-element-d50d776 elementor-widget elementor-widget-heading\" data-id=\"d50d776\" data-element_type=\"widget\" data-widget_type=\"heading.default\">\n\t\t\t\t<div class=\"elementor-widget-container\">\n\t\t\t\t\t<h2 class=\"elementor-heading-title elementor-size-default\">Che cos'\u00e8 una politica di restituzione?<\/h2>\t\t\t\t<\/div>\n\t\t\t\t<\/div>\n\t\t\t\t<div class=\"elementor-element elementor-element-0703cef elementor-widget elementor-widget-text-editor\" data-id=\"0703cef\" data-element_type=\"widget\" data-widget_type=\"text-editor.default\">\n\t\t\t\t<div class=\"elementor-widget-container\">\n\t\t\t\t\t\t\t\t\t<p>Una politica di restituzione delinea come, quando e a quali condizioni i tuoi clienti possono restituire beni e servizi acquistati.<\/p><p>Puoi denominare la tua politica di restituzione in molti modi diversi, ad esempio:<\/p><ul><li>Politica di restituzione e rimborso<\/li><li>Politica di restituzione e cambio<\/li><li>Politica di spedizione e restituzione<\/li><li>Politica di restituzione del negozio<\/li><\/ul><p>Una politica di restituzione ben scritta pu\u00f2 aiutare la tua azienda a fidelizzare i clienti e ad aumentare le vendite. Ma le politiche eccessivamente restrittive o inesistenti tendono a spaventare le persone.<\/p><p>Il cliente \u00e8 molto importante, il cliente sar\u00e0 seguito dal cliente. Come la terra del paese, il lutto, n\u00e9 il caporale del paese, il cuscino del leone.<\/p>\t\t\t\t\t\t\t\t<\/div>\n\t\t\t\t<\/div>\n\t\t\t\t\t<\/div>\n\t\t<\/div>\n\t\t\t\t\t<\/div>\n\t\t<\/section>\n\t\t\t\t<\/div>\n\t\t","protected":false},"excerpt":{"rendered":"<p>Politica di rimborso Come ottenere una soluzione a un problema MarvelChart Prova subito MarvelChart Vedi i piani di abbonamento In [&hellip;]<\/p>\n","protected":false},"author":6809,"featured_media":0,"parent":0,"menu_order":0,"comment_status":"closed","ping_status":"closed","template":"","meta":{"_acf_changed":false,"site-sidebar-layout":"no-sidebar","site-content-layout":"","ast-site-content-layout":"full-width-container","site-content-style":"default","site-sidebar-style":"default","ast-global-header-display":"","ast-banner-title-visibility":"","ast-main-header-display":"","ast-hfb-above-header-display":"","ast-hfb-below-header-display":"","ast-hfb-mobile-header-display":"","site-post-title":"disabled","ast-breadcrumbs-content":"","ast-featured-img":"disabled","footer-sml-layout":"","theme-transparent-header-meta":"default","adv-header-id-meta":"","stick-header-meta":"","header-above-stick-meta":"","header-main-stick-meta":"","header-below-stick-meta":"","astra-migrate-meta-layouts":"set","ast-page-background-enabled":"default","ast-page-background-meta":{"desktop":{"background-color":"var(--ast-global-color-4)","background-image":"","background-repeat":"repeat","background-position":"center center","background-size":"auto","background-attachment":"scroll","background-type":"","background-media":"","overlay-type":"","overlay-color":"","overlay-opacity":"","overlay-gradient":""},"tablet":{"background-color":"","background-image":"","background-repeat":"repeat","background-position":"center center","background-size":"auto","background-attachment":"scroll","background-type":"","background-media":"","overlay-type":"","overlay-color":"","overlay-opacity":"","overlay-gradient":""},"mobile":{"background-color":"","background-image":"","background-repeat":"repeat","background-position":"center center","background-size":"auto","background-attachment":"scroll","background-type":"","background-media":"","overlay-type":"","overlay-color":"","overlay-opacity":"","overlay-gradient":""}},"ast-content-background-meta":{"desktop":{"background-color":"var(--ast-global-color-5)","background-image":"","background-repeat":"repeat","background-position":"center center","background-size":"auto","background-attachment":"scroll","background-type":"","background-media":"","overlay-type":"","overlay-color":"","overlay-opacity":"","overlay-gradient":""},"tablet":{"background-color":"var(--ast-global-color-5)","background-image":"","background-repeat":"repeat","background-position":"center center","background-size":"auto","background-attachment":"scroll","background-type":"","background-media":"","overlay-type":"","overlay-color":"","overlay-opacity":"","overlay-gradient":""},"mobile":{"background-color":"var(--ast-global-color-5)","background-image":"","background-repeat":"repeat","background-position":"center center","background-size":"auto","background-attachment":"scroll","background-type":"","background-media":"","overlay-type":"","overlay-color":"","overlay-opacity":"","overlay-gradient":""}},"footnotes":""},"class_list":["post-6516","page","type-page","status-publish","hentry"],"acf":[],"yoast_head":"<!-- This site is optimized with the Yoast SEO plugin v26.8 - https:\/\/yoast.com\/product\/yoast-seo-wordpress\/ -->\n<title>Politica di rimborso - MarvelChart<\/title>\n<meta name=\"robots\" content=\"index, follow, max-snippet:-1, max-image-preview:large, max-video-preview:-1\" \/>\n<link rel=\"canonical\" href=\"https:\/\/www.marvelchart.com\/it\/politica-di-rimborso\/\" \/>\n<meta property=\"og:locale\" content=\"it_IT\" \/>\n<meta property=\"og:type\" content=\"article\" \/>\n<meta property=\"og:title\" content=\"Politica di rimborso - MarvelChart\" \/>\n<meta property=\"og:description\" content=\"Politica di rimborso Come ottenere una soluzione a un problema MarvelChart Prova subito MarvelChart Vedi i piani di abbonamento In [&hellip;]\" \/>\n<meta property=\"og:url\" content=\"https:\/\/www.marvelchart.com\/it\/politica-di-rimborso\/\" \/>\n<meta property=\"og:site_name\" content=\"MarvelChart\" \/>\n<meta property=\"article:modified_time\" content=\"2025-04-30T10:16:28+00:00\" \/>\n<meta property=\"og:image\" content=\"https:\/\/www.marvelchart.com\/wp-content\/uploads\/2024\/04\/MarvelChart.jpg\" \/>\n\t<meta property=\"og:image:width\" content=\"1200\" \/>\n\t<meta property=\"og:image:height\" content=\"675\" \/>\n\t<meta property=\"og:image:type\" content=\"image\/jpeg\" \/>\n<meta name=\"twitter:card\" content=\"summary_large_image\" \/>\n<meta name=\"twitter:label1\" content=\"Est. reading time\" \/>\n\t<meta name=\"twitter:data1\" content=\"2 minutes\" \/>\n<script type=\"application\/ld+json\" class=\"yoast-schema-graph\">{\"@context\":\"https:\/\/schema.org\",\"@graph\":[{\"@type\":\"WebPage\",\"@id\":\"https:\/\/www.marvelchart.com\/it\/politica-di-rimborso\/\",\"url\":\"https:\/\/www.marvelchart.com\/it\/politica-di-rimborso\/\",\"name\":\"Politica di rimborso - MarvelChart\",\"isPartOf\":{\"@id\":\"https:\/\/www.marvelchart.com\/it\/#website\"},\"datePublished\":\"2024-12-09T08:51:25+00:00\",\"dateModified\":\"2025-04-30T10:16:28+00:00\",\"breadcrumb\":{\"@id\":\"https:\/\/www.marvelchart.com\/it\/politica-di-rimborso\/#breadcrumb\"},\"inLanguage\":\"it-IT\",\"potentialAction\":[{\"@type\":\"ReadAction\",\"target\":[\"https:\/\/www.marvelchart.com\/it\/politica-di-rimborso\/\"]}]},{\"@type\":\"BreadcrumbList\",\"@id\":\"https:\/\/www.marvelchart.com\/it\/politica-di-rimborso\/#breadcrumb\",\"itemListElement\":[{\"@type\":\"ListItem\",\"position\":1,\"name\":\"Home\",\"item\":\"https:\/\/www.marvelchart.com\/it\/\"},{\"@type\":\"ListItem\",\"position\":2,\"name\":\"Politica di rimborso\"}]},{\"@type\":\"WebSite\",\"@id\":\"https:\/\/www.marvelchart.com\/it\/#website\",\"url\":\"https:\/\/www.marvelchart.com\/it\/\",\"name\":\"MarvelChart\",\"description\":\"La forza di un team\",\"publisher\":{\"@id\":\"https:\/\/www.marvelchart.com\/it\/#organization\"},\"potentialAction\":[{\"@type\":\"SearchAction\",\"target\":{\"@type\":\"EntryPoint\",\"urlTemplate\":\"https:\/\/www.marvelchart.com\/it\/?s={search_term_string}\"},\"query-input\":{\"@type\":\"PropertyValueSpecification\",\"valueRequired\":true,\"valueName\":\"search_term_string\"}}],\"inLanguage\":\"it-IT\"},{\"@type\":\"Organization\",\"@id\":\"https:\/\/www.marvelchart.com\/it\/#organization\",\"name\":\"MarvelChart\",\"url\":\"https:\/\/www.marvelchart.com\/it\/\",\"logo\":{\"@type\":\"ImageObject\",\"inLanguage\":\"it-IT\",\"@id\":\"https:\/\/www.marvelchart.com\/it\/#\/schema\/logo\/image\/\",\"url\":\"https:\/\/www.marvelchart.com\/wp-content\/uploads\/2024\/04\/MarvelChart-m.jpg\",\"contentUrl\":\"https:\/\/www.marvelchart.com\/wp-content\/uploads\/2024\/04\/MarvelChart-m.jpg\",\"width\":696,\"height\":696,\"caption\":\"MarvelChart\"},\"image\":{\"@id\":\"https:\/\/www.marvelchart.com\/it\/#\/schema\/logo\/image\/\"}}]}<\/script>\n<!-- \/ Yoast SEO plugin. -->","yoast_head_json":{"title":"Politica di rimborso - MarvelChart","robots":{"index":"index","follow":"follow","max-snippet":"max-snippet:-1","max-image-preview":"max-image-preview:large","max-video-preview":"max-video-preview:-1"},"canonical":"https:\/\/www.marvelchart.com\/it\/politica-di-rimborso\/","og_locale":"it_IT","og_type":"article","og_title":"Politica di rimborso - MarvelChart","og_description":"Politica di rimborso Come ottenere una soluzione a un problema MarvelChart Prova subito MarvelChart Vedi i piani di abbonamento In [&hellip;]","og_url":"https:\/\/www.marvelchart.com\/it\/politica-di-rimborso\/","og_site_name":"MarvelChart","article_modified_time":"2025-04-30T10:16:28+00:00","og_image":[{"width":1200,"height":675,"url":"https:\/\/www.marvelchart.com\/wp-content\/uploads\/2024\/04\/MarvelChart.jpg","type":"image\/jpeg"}],"twitter_card":"summary_large_image","twitter_misc":{"Est. reading time":"2 minutes"},"schema":{"@context":"https:\/\/schema.org","@graph":[{"@type":"WebPage","@id":"https:\/\/www.marvelchart.com\/it\/politica-di-rimborso\/","url":"https:\/\/www.marvelchart.com\/it\/politica-di-rimborso\/","name":"Politica di rimborso - MarvelChart","isPartOf":{"@id":"https:\/\/www.marvelchart.com\/it\/#website"},"datePublished":"2024-12-09T08:51:25+00:00","dateModified":"2025-04-30T10:16:28+00:00","breadcrumb":{"@id":"https:\/\/www.marvelchart.com\/it\/politica-di-rimborso\/#breadcrumb"},"inLanguage":"it-IT","potentialAction":[{"@type":"ReadAction","target":["https:\/\/www.marvelchart.com\/it\/politica-di-rimborso\/"]}]},{"@type":"BreadcrumbList","@id":"https:\/\/www.marvelchart.com\/it\/politica-di-rimborso\/#breadcrumb","itemListElement":[{"@type":"ListItem","position":1,"name":"Home","item":"https:\/\/www.marvelchart.com\/it\/"},{"@type":"ListItem","position":2,"name":"Politica di rimborso"}]},{"@type":"WebSite","@id":"https:\/\/www.marvelchart.com\/it\/#website","url":"https:\/\/www.marvelchart.com\/it\/","name":"MarvelChart","description":"La forza di un team","publisher":{"@id":"https:\/\/www.marvelchart.com\/it\/#organization"},"potentialAction":[{"@type":"SearchAction","target":{"@type":"EntryPoint","urlTemplate":"https:\/\/www.marvelchart.com\/it\/?s={search_term_string}"},"query-input":{"@type":"PropertyValueSpecification","valueRequired":true,"valueName":"search_term_string"}}],"inLanguage":"it-IT"},{"@type":"Organization","@id":"https:\/\/www.marvelchart.com\/it\/#organization","name":"MarvelChart","url":"https:\/\/www.marvelchart.com\/it\/","logo":{"@type":"ImageObject","inLanguage":"it-IT","@id":"https:\/\/www.marvelchart.com\/it\/#\/schema\/logo\/image\/","url":"https:\/\/www.marvelchart.com\/wp-content\/uploads\/2024\/04\/MarvelChart-m.jpg","contentUrl":"https:\/\/www.marvelchart.com\/wp-content\/uploads\/2024\/04\/MarvelChart-m.jpg","width":696,"height":696,"caption":"MarvelChart"},"image":{"@id":"https:\/\/www.marvelchart.com\/it\/#\/schema\/logo\/image\/"}}]}},"_links":{"self":[{"href":"https:\/\/www.marvelchart.com\/it\/wp-json\/wp\/v2\/pages\/6516","targetHints":{"allow":["GET"]}}],"collection":[{"href":"https:\/\/www.marvelchart.com\/it\/wp-json\/wp\/v2\/pages"}],"about":[{"href":"https:\/\/www.marvelchart.com\/it\/wp-json\/wp\/v2\/types\/page"}],"author":[{"embeddable":true,"href":"https:\/\/www.marvelchart.com\/it\/wp-json\/wp\/v2\/users\/6809"}],"replies":[{"embeddable":true,"href":"https:\/\/www.marvelchart.com\/it\/wp-json\/wp\/v2\/comments?post=6516"}],"version-history":[{"count":20,"href":"https:\/\/www.marvelchart.com\/it\/wp-json\/wp\/v2\/pages\/6516\/revisions"}],"predecessor-version":[{"id":8334,"href":"https:\/\/www.marvelchart.com\/it\/wp-json\/wp\/v2\/pages\/6516\/revisions\/8334"}],"wp:attachment":[{"href":"https:\/\/www.marvelchart.com\/it\/wp-json\/wp\/v2\/media?parent=6516"}],"curies":[{"name":"wp","href":"https:\/\/api.w.org\/{rel}","templated":true}]}}